{"id":687,"date":"2025-11-23T02:13:48","date_gmt":"2025-11-23T02:13:48","guid":{"rendered":"https:\/\/jdsfibers.com\/?page_id=687"},"modified":"2025-11-24T02:36:52","modified_gmt":"2025-11-24T02:36:52","slug":"politica-de-privacidad","status":"publish","type":"page","link":"https:\/\/jdsfibers.com\/en\/politica-de-privacidad\/","title":{"rendered":"Privacy Policy"},"content":{"rendered":"<div data-elementor-type=\"wp-page\" data-elementor-id=\"687\" class=\"elementor elementor-687\" data-elementor-post-type=\"page\">\n\t\t\t\t<div class=\"elementor-element elementor-element-aef486b e-flex e-con-boxed e-con e-parent\" data-id=\"aef486b\" data-element_type=\"container\">\n\t\t\t\t\t<div class=\"e-con-inner\">\n\t\t\t\t<div class=\"elementor-element elementor-element-66e09de elementor-widget elementor-widget-text-editor\" data-id=\"66e09de\" data-element_type=\"widget\" data-widget_type=\"text-editor.default\">\n\t\t\t\t<div class=\"elementor-widget-container\">\n\t\t\t\t\t\t\t\t\t<p><strong>1. Information we collect<\/strong><br \/>We may collect the following information when you interact with our website or services:<br \/>Contact information: name, email, phone number, address, and company.<br \/>Project or request information: details about the service required, location and technical characteristics.<br \/>Browsing data: IP address, browser type, pages visited, time spent on the site, and cookies.<br \/>Communications: messages sent through contact forms, email, or other channels.<\/p><p>2. <strong>Use of information<\/strong><br \/><strong>We use the information collected to:<\/strong><br \/>To answer your questions or quote requests.<br \/>Respond to your inquiries or quote requests. Provide and manage our fiber optic installation and maintenance services.<br \/>Send updates, news or promotions related to our services (when you have given your consent).<br \/>Improve our website and optimize the user experience.<br \/>Comply with applicable legal and regulatory obligations.<\/p><p>3.<strong> Compartir la informaci\u00f3n<\/strong><br \/>JDS Fibers does not sell, rent, or trade your personal information.<br \/>We can only share data in the following cases:<br \/>With suppliers and partners who help us provide our services (for example, courier or technical support companies).<br \/>When required by law, legal process, or competent authority.<br \/>To protect our rights, safety and property or that of our clients.<\/p><p>4. Cookies and similar technologies<br \/>Our website may use cookies and similar technologies to improve functionality and analyze traffic.<br \/>You can configure your browser to reject cookies, although this may affect the functionality of some sections of the site.<\/p><p>5<strong>Information security<\/strong><br \/>We implement technical, administrative, and physical measures to protect your personal information against unauthorized access, loss, misuse, or disclosure.<\/p><p>6. <strong>Data retention<\/strong><br \/>We will store your personal data only for as long as necessary to fulfill the purposes described in this policy, unless a longer retention period is required by law.<\/p><p>7. <strong>Your rights<\/strong><br \/><strong>You have the right to:<\/strong><br \/>Access, correct or delete your personal information.<br \/>To object to the processing of your data or to request its limitation.<br \/>Withdraw your consent at any time for the use of your information for commercial purposes.<\/p><p>8. <strong>Third-party links<\/strong><br \/>Our website may contain links to third-party websites. We are not responsible for the privacy practices or content of those sites.<\/p><p>9. Changes to this policy<br \/>We may update this Privacy Policy at any time. The date of the last update will be indicated at the beginning of the document.<\/p>\t\t\t\t\t\t\t\t<\/div>\n\t\t\t\t<\/div>\n\t\t\t\t\t<\/div>\n\t\t\t\t<\/div>\n\t\t\t\t<\/div>","protected":false},"excerpt":{"rendered":"<p>1. Informaci\u00f3n que recopilamos Podemos recopilar la siguiente informaci\u00f3n cuando interact\u00faas con nuestro sitio web o servicios: Informaci\u00f3n de contacto: nombre, correo electr\u00f3nico, n\u00famero de tel\u00e9fono, direcci\u00f3n y empresa. Informaci\u00f3n de proyectos o solicitudes: detalles sobre el servicio requerido, ubicaci\u00f3n y caracter\u00edsticas t\u00e9cnicas. Datos de navegaci\u00f3n: direcci\u00f3n IP, tipo de navegador, p\u00e1ginas visitadas, tiempo de [&hellip;]<\/p>","protected":false},"author":2,"featured_media":0,"parent":0,"menu_order":0,"comment_status":"closed","ping_status":"closed","template":"elementor_header_footer","meta":{"footnotes":""},"class_list":["post-687","page","type-page","status-publish","hentry"],"_links":{"self":[{"href":"https:\/\/jdsfibers.com\/en\/wp-json\/wp\/v2\/pages\/687","targetHints":{"allow":["GET"]}}],"collection":[{"href":"https:\/\/jdsfibers.com\/en\/wp-json\/wp\/v2\/pages"}],"about":[{"href":"https:\/\/jdsfibers.com\/en\/wp-json\/wp\/v2\/types\/page"}],"author":[{"embeddable":true,"href":"https:\/\/jdsfibers.com\/en\/wp-json\/wp\/v2\/users\/2"}],"replies":[{"embeddable":true,"href":"https:\/\/jdsfibers.com\/en\/wp-json\/wp\/v2\/comments?post=687"}],"version-history":[{"count":5,"href":"https:\/\/jdsfibers.com\/en\/wp-json\/wp\/v2\/pages\/687\/revisions"}],"predecessor-version":[{"id":732,"href":"https:\/\/jdsfibers.com\/en\/wp-json\/wp\/v2\/pages\/687\/revisions\/732"}],"wp:attachment":[{"href":"https:\/\/jdsfibers.com\/en\/wp-json\/wp\/v2\/media?parent=687"}],"curies":[{"name":"wp","href":"https:\/\/api.w.org\/{rel}","templated":true}]}}