{"id":281,"date":"2025-10-27T00:38:27","date_gmt":"2025-10-27T00:38:27","guid":{"rendered":"https:\/\/jdsfibers.com\/?page_id=281"},"modified":"2025-11-21T22:41:34","modified_gmt":"2025-11-21T22:41:34","slug":"carrera","status":"publish","type":"page","link":"https:\/\/jdsfibers.com\/es\/carrera\/","title":{"rendered":"Carrera"},"content":{"rendered":"\t\t<div data-elementor-type=\"wp-page\" data-elementor-id=\"281\" class=\"elementor elementor-281\" data-elementor-post-type=\"page\">\n\t\t\t\t<div class=\"elementor-element elementor-element-3479434a e-flex e-con-boxed e-con e-parent\" data-id=\"3479434a\" data-element_type=\"container\" data-settings=\"{&quot;background_background&quot;:&quot;classic&quot;}\">\n\t\t\t\t\t<div class=\"e-con-inner\">\n\t\t\t\t<div class=\"elementor-element elementor-element-233ae1aa elementor-widget elementor-widget-elementskit-heading\" data-id=\"233ae1aa\" data-element_type=\"widget\" data-widget_type=\"elementskit-heading.default\">\n\t\t\t\t<div class=\"elementor-widget-container\">\n\t\t\t\t\t<div class=\"ekit-wid-con\" ><div class=\"ekit-heading elementskit-section-title-wraper text_left   ekit_heading_tablet-   ekit_heading_mobile-\"><h1 class=\"ekit-heading--title elementskit-section-title \">Construye tu futuro mientras<br> conectamos el de otros<\/h1><\/div><\/div>\t\t\t\t<\/div>\n\t\t\t\t<\/div>\n\t\t<div class=\"elementor-element elementor-element-34ee8cd e-con-full e-flex e-con e-child\" data-id=\"34ee8cd\" data-element_type=\"container\">\n\t\t\t\t<\/div>\n\t\t\t\t\t<\/div>\n\t\t\t\t<\/div>\n\t\t<div class=\"elementor-element elementor-element-53006db1 e-flex e-con-boxed e-con e-parent\" data-id=\"53006db1\" data-element_type=\"container\" data-settings=\"{&quot;background_background&quot;:&quot;classic&quot;}\">\n\t\t\t\t\t<div class=\"e-con-inner\">\n\t\t\t\t<div class=\"elementor-element elementor-element-d97d24f elementor-widget elementor-widget-text-editor\" data-id=\"d97d24f\" data-element_type=\"widget\" data-widget_type=\"text-editor.default\">\n\t\t\t\t<div class=\"elementor-widget-container\">\n\t\t\t\t\t\t\t\t\t<p>En JDS Fibers creemos que nuestro mayor activo no son los cables ni la tecnolog\u00eda: es la gente que hace posible cada conexi\u00f3n. Nuestro equipo est\u00e1 formado por personas comprometidas, con esp\u00edritu de aprendizaje y pasi\u00f3n por construir el futuro digital.<\/p>\t\t\t\t\t\t\t\t<\/div>\n\t\t\t\t<\/div>\n\t\t\t\t<div class=\"elementor-element elementor-element-26d7b7ba elementor-widget__width-initial elementor-widget elementor-widget-elementskit-heading\" data-id=\"26d7b7ba\" data-element_type=\"widget\" data-widget_type=\"elementskit-heading.default\">\n\t\t\t\t<div class=\"elementor-widget-container\">\n\t\t\t\t\t<div class=\"ekit-wid-con\" ><div class=\"ekit-heading elementskit-section-title-wraper text_left   ekit_heading_tablet-   ekit_heading_mobile-\"><h2 class=\"ekit-heading--title elementskit-section-title \">Lo que significa trabajar con nosotro<\/h2>\t\t\t\t<div class='ekit-heading__description'>\n\t\t\t\t\t<p>M\u00e1s que un empleo, ofrecemos una oportunidad de crecer en un sector en plena expansi\u00f3n. Aqu\u00ed encontrar\u00e1s:<\/p>\n\t\t\t\t<\/div>\n\t\t\t<\/div><\/div>\t\t\t\t<\/div>\n\t\t\t\t<\/div>\n\t\t\t\t\t<\/div>\n\t\t\t\t<\/div>\n\t\t<div class=\"elementor-element elementor-element-5a6d2acf e-flex e-con-boxed e-con e-parent\" data-id=\"5a6d2acf\" data-element_type=\"container\" data-settings=\"{&quot;background_background&quot;:&quot;classic&quot;}\">\n\t\t\t\t\t<div class=\"e-con-inner\">\n\t\t<div class=\"elementor-element elementor-element-1e97e49b e-con-full e-flex e-con e-child\" data-id=\"1e97e49b\" data-element_type=\"container\">\n\t\t\t\t<div class=\"elementor-element elementor-element-24830074 elementor-invisible elementor-widget elementor-widget-image\" data-id=\"24830074\" data-element_type=\"widget\" data-settings=\"{&quot;_animation&quot;:&quot;fadeInLeft&quot;}\" data-widget_type=\"image.default\">\n\t\t\t\t<div class=\"elementor-widget-container\">\n\t\t\t\t\t\t\t\t\t\t\t\t\t\t\t<img fetchpriority=\"high\" decoding=\"async\" width=\"1024\" height=\"683\" src=\"https:\/\/jdsfibers.com\/wp-content\/uploads\/2025\/11\/foto-jdfiber-01-1024x683.jpg\" class=\"attachment-large size-large wp-image-551\" alt=\"\" srcset=\"https:\/\/jdsfibers.com\/wp-content\/uploads\/2025\/11\/foto-jdfiber-01-1024x683.jpg 1024w, https:\/\/jdsfibers.com\/wp-content\/uploads\/2025\/11\/foto-jdfiber-01-300x200.jpg 300w, https:\/\/jdsfibers.com\/wp-content\/uploads\/2025\/11\/foto-jdfiber-01-768x512.jpg 768w, https:\/\/jdsfibers.com\/wp-content\/uploads\/2025\/11\/foto-jdfiber-01-18x12.jpg 18w, https:\/\/jdsfibers.com\/wp-content\/uploads\/2025\/11\/foto-jdfiber-01.jpg 1080w\" sizes=\"(max-width: 1024px) 100vw, 1024px\" \/>\t\t\t\t\t\t\t\t\t\t\t\t\t\t\t<\/div>\n\t\t\t\t<\/div>\n\t\t\t\t<div class=\"elementor-element elementor-element-7f46be14 elementor-absolute elementor-hidden-tablet elementor-hidden-phone elementor-invisible elementor-widget elementor-widget-image\" data-id=\"7f46be14\" data-element_type=\"widget\" data-settings=\"{&quot;_animation&quot;:&quot;fadeInRight&quot;,&quot;_position&quot;:&quot;absolute&quot;}\" data-widget_type=\"image.default\">\n\t\t\t\t<div class=\"elementor-widget-container\">\n\t\t\t\t\t\t\t\t\t\t\t\t\t\t\t<img decoding=\"async\" width=\"768\" height=\"884\" src=\"https:\/\/jdsfibers.com\/wp-content\/uploads\/2025\/11\/foto-jdfiber-04.jpg\" class=\"attachment-large size-large wp-image-552\" alt=\"\" srcset=\"https:\/\/jdsfibers.com\/wp-content\/uploads\/2025\/11\/foto-jdfiber-04.jpg 768w, https:\/\/jdsfibers.com\/wp-content\/uploads\/2025\/11\/foto-jdfiber-04-261x300.jpg 261w, https:\/\/jdsfibers.com\/wp-content\/uploads\/2025\/11\/foto-jdfiber-04-10x12.jpg 10w\" sizes=\"(max-width: 768px) 100vw, 768px\" \/>\t\t\t\t\t\t\t\t\t\t\t\t\t\t\t<\/div>\n\t\t\t\t<\/div>\n\t\t\t\t<\/div>\n\t\t<div class=\"elementor-element elementor-element-34d28a62 e-con-full e-flex e-con e-child\" data-id=\"34d28a62\" data-element_type=\"container\">\n\t\t\t\t<div class=\"elementor-element elementor-element-4050943 elementor-icon-list--layout-traditional elementor-list-item-link-full_width elementor-widget elementor-widget-icon-list\" data-id=\"4050943\" data-element_type=\"widget\" data-widget_type=\"icon-list.default\">\n\t\t\t\t<div class=\"elementor-widget-container\">\n\t\t\t\t\t\t\t<ul class=\"elementor-icon-list-items\">\n\t\t\t\t\t\t\t<li class=\"elementor-icon-list-item\">\n\t\t\t\t\t\t\t\t\t\t\t<span class=\"elementor-icon-list-icon\">\n\t\t\t\t\t\t\t<svg aria-hidden=\"true\" class=\"e-font-icon-svg e-fas-dot-circle\" viewBox=\"0 0 512 512\" xmlns=\"http:\/\/www.w3.org\/2000\/svg\"><path d=\"M256 8C119.033 8 8 119.033 8 256s111.033 248 248 248 248-111.033 248-248S392.967 8 256 8zm80 248c0 44.112-35.888 80-80 80s-80-35.888-80-80 35.888-80 80-80 80 35.888 80 80z\"><\/path><\/svg>\t\t\t\t\t\t<\/span>\n\t\t\t\t\t\t\t\t\t\t<span class=\"elementor-icon-list-text\">Formaci\u00f3n continua para que desarrolles nuevas habilidades t\u00e9cnicas.<\/span>\n\t\t\t\t\t\t\t\t\t<\/li>\n\t\t\t\t\t\t\t\t<li class=\"elementor-icon-list-item\">\n\t\t\t\t\t\t\t\t\t\t\t<span class=\"elementor-icon-list-icon\">\n\t\t\t\t\t\t\t<svg aria-hidden=\"true\" class=\"e-font-icon-svg e-fas-dot-circle\" viewBox=\"0 0 512 512\" xmlns=\"http:\/\/www.w3.org\/2000\/svg\"><path d=\"M256 8C119.033 8 8 119.033 8 256s111.033 248 248 248 248-111.033 248-248S392.967 8 256 8zm80 248c0 44.112-35.888 80-80 80s-80-35.888-80-80 35.888-80 80-80 80 35.888 80 80z\"><\/path><\/svg>\t\t\t\t\t\t<\/span>\n\t\t\t\t\t\t\t\t\t\t<span class=\"elementor-icon-list-text\">Proyectos desafiantes que impactan en comunidades, empresas y hogares.<\/span>\n\t\t\t\t\t\t\t\t\t<\/li>\n\t\t\t\t\t\t\t\t<li class=\"elementor-icon-list-item\">\n\t\t\t\t\t\t\t\t\t\t\t<span class=\"elementor-icon-list-icon\">\n\t\t\t\t\t\t\t<svg aria-hidden=\"true\" class=\"e-font-icon-svg e-fas-dot-circle\" viewBox=\"0 0 512 512\" xmlns=\"http:\/\/www.w3.org\/2000\/svg\"><path d=\"M256 8C119.033 8 8 119.033 8 256s111.033 248 248 248 248-111.033 248-248S392.967 8 256 8zm80 248c0 44.112-35.888 80-80 80s-80-35.888-80-80 35.888-80 80-80 80 35.888 80 80z\"><\/path><\/svg>\t\t\t\t\t\t<\/span>\n\t\t\t\t\t\t\t\t\t\t<span class=\"elementor-icon-list-text\">Un ambiente de trabajo seguro y colaborativo, donde cada persona cuenta.<\/span>\n\t\t\t\t\t\t\t\t\t<\/li>\n\t\t\t\t\t\t\t\t<li class=\"elementor-icon-list-item\">\n\t\t\t\t\t\t\t\t\t\t\t<span class=\"elementor-icon-list-icon\">\n\t\t\t\t\t\t\t<svg aria-hidden=\"true\" class=\"e-font-icon-svg e-fas-dot-circle\" viewBox=\"0 0 512 512\" xmlns=\"http:\/\/www.w3.org\/2000\/svg\"><path d=\"M256 8C119.033 8 8 119.033 8 256s111.033 248 248 248 248-111.033 248-248S392.967 8 256 8zm80 248c0 44.112-35.888 80-80 80s-80-35.888-80-80 35.888-80 80-80 80 35.888 80 80z\"><\/path><\/svg>\t\t\t\t\t\t<\/span>\n\t\t\t\t\t\t\t\t\t\t<span class=\"elementor-icon-list-text\">Oportunidades de crecimiento real, porque valoramos la trayectoria de nuestro equipo.<\/span>\n\t\t\t\t\t\t\t\t\t<\/li>\n\t\t\t\t\t\t<\/ul>\n\t\t\t\t\t\t<\/div>\n\t\t\t\t<\/div>\n\t\t\t\t<\/div>\n\t\t\t\t\t<\/div>\n\t\t\t\t<\/div>\n\t\t<div class=\"elementor-element elementor-element-5fa5a17c e-con-full e-flex e-con e-parent\" data-id=\"5fa5a17c\" data-element_type=\"container\">\n\t\t\t\t<\/div>\n\t\t<div class=\"elementor-element elementor-element-fc8df6e e-flex e-con-boxed e-con e-parent\" data-id=\"fc8df6e\" data-element_type=\"container\">\n\t\t\t\t\t<div class=\"e-con-inner\">\n\t\t<div class=\"elementor-element elementor-element-48af122 e-con-full e-flex e-con e-child\" data-id=\"48af122\" data-element_type=\"container\">\n\t\t\t\t<div class=\"elementor-element elementor-element-a7a91ae elementor-widget__width-initial elementor-widget elementor-widget-elementskit-heading\" data-id=\"a7a91ae\" data-element_type=\"widget\" data-widget_type=\"elementskit-heading.default\">\n\t\t\t\t<div class=\"elementor-widget-container\">\n\t\t\t\t\t<div class=\"ekit-wid-con\" ><div class=\"ekit-heading elementskit-section-title-wraper text_left   ekit_heading_tablet-   ekit_heading_mobile-\"><h2 class=\"ekit-heading--title elementskit-section-title \">Perfiles que buscamos<\/h2><div class=\"ekit_heading_separetor_wraper ekit_heading_ekit_border_custom\"><div class=\"ekit_border_custom\"><img decoding=\"async\" width=\"51\" height=\"17\" src=\"https:\/\/jdsfibers.com\/wp-content\/uploads\/2025\/11\/charity-seperator-shape.png\" class=\"attachment-large size-large wp-image-514\" alt=\"\" srcset=\"https:\/\/jdsfibers.com\/wp-content\/uploads\/2025\/11\/charity-seperator-shape.png 51w, https:\/\/jdsfibers.com\/wp-content\/uploads\/2025\/11\/charity-seperator-shape-18x6.png 18w\" sizes=\"(max-width: 51px) 100vw, 51px\" \/><\/div><\/div>\t\t\t\t<div class='ekit-heading__description'>\n\t\t\t\t\t<p>En JDS Fibers siempre estamos abiertos a sumar talento en distintas \u00e1reas:<\/p>\n\t\t\t\t<\/div>\n\t\t\t<\/div><\/div>\t\t\t\t<\/div>\n\t\t\t\t<\/div>\n\t\t\t\t<div class=\"elementor-element elementor-element-887172f elementor-widget elementor-widget-heading\" data-id=\"887172f\" data-element_type=\"widget\" data-widget_type=\"heading.default\">\n\t\t\t\t<div class=\"elementor-widget-container\">\n\t\t\t\t\t<h2 class=\"elementor-heading-title elementor-size-default\">Ubicaciones actuales\n<\/h2>\t\t\t\t<\/div>\n\t\t\t\t<\/div>\n\t\t\t\t<div class=\"elementor-element elementor-element-07dcd55 elementor-widget elementor-widget-text-editor\" data-id=\"07dcd55\" data-element_type=\"widget\" data-widget_type=\"text-editor.default\">\n\t\t\t\t<div class=\"elementor-widget-container\">\n\t\t\t\t\t\t\t\t\t<p>Estamos expandiendo nuestro equipo en diferentes estados de la Costa Este:<br \/>\ud83d\udccd Virginia<br \/>\ud83d\udccd Florida<br \/>\ud83d\udccd North Carolina<br \/>Si resides en alguna de estas \u00e1reas y deseas unirte a una empresa en crecimiento, esta es tu oportunidad.<\/p>\t\t\t\t\t\t\t\t<\/div>\n\t\t\t\t<\/div>\n\t\t\t\t<div class=\"elementor-element elementor-element-86ae3a1 elementor-widget elementor-widget-heading\" data-id=\"86ae3a1\" data-element_type=\"widget\" data-widget_type=\"heading.default\">\n\t\t\t\t<div class=\"elementor-widget-container\">\n\t\t\t\t\t<h2 class=\"elementor-heading-title elementor-size-default\">Tu camino comienza aqu\u00ed\n\n<\/h2>\t\t\t\t<\/div>\n\t\t\t\t<\/div>\n\t\t\t\t<div class=\"elementor-element elementor-element-b50ae7d elementor-widget elementor-widget-text-editor\" data-id=\"b50ae7d\" data-element_type=\"widget\" data-widget_type=\"text-editor.default\">\n\t\t\t\t<div class=\"elementor-widget-container\">\n\t\t\t\t\t\t\t\t\t<p>Si compartes nuestra pasi\u00f3n por la tecnolog\u00eda, la seguridad y la excelencia, queremos conocerte.<\/p>\t\t\t\t\t\t\t\t<\/div>\n\t\t\t\t<\/div>\n\t\t\t\t<div class=\"elementor-element elementor-element-2fbb246 elementor-widget elementor-widget-text-editor\" data-id=\"2fbb246\" data-element_type=\"widget\" data-widget_type=\"text-editor.default\">\n\t\t\t\t<div class=\"elementor-widget-container\">\n\t\t\t\t\t\t\t\t\t<p>\ud83d\udce7 Env\u00eda tu CV a <a href=\"mailto:jdsfibercontact@gmail.com\">jdsfibercontact@gmail.com\u00a0<\/a><br \/>N\u00famero de tel\u00e9fono <a href=\"http:\/\/336-370-6815\" data-wplink-url-error=\"true\">336-370-6815<\/a><br \/>Solo estas secciones quiero en la parte de arriba,<br \/>por favor retire la parte de blogs y projects por el momento .<\/p>\t\t\t\t\t\t\t\t<\/div>\n\t\t\t\t<\/div>\n\t\t\t\t<\/div>\n\t\t<div class=\"elementor-element elementor-element-8f764a7 e-con-full e-flex e-con e-child\" data-id=\"8f764a7\" data-element_type=\"container\">\n\t\t\t\t<div class=\"elementor-element elementor-element-814174d elementor-widget elementor-widget-image\" data-id=\"814174d\" data-element_type=\"widget\" data-widget_type=\"image.default\">\n\t\t\t\t<div class=\"elementor-widget-container\">\n\t\t\t\t\t\t\t\t\t\t\t\t\t\t\t<img loading=\"lazy\" decoding=\"async\" width=\"576\" height=\"1024\" src=\"https:\/\/jdsfibers.com\/wp-content\/uploads\/2025\/11\/C2367B92-AADD-4C98-9519-E16747C6DEFB-576x1024.jpg\" class=\"attachment-large size-large wp-image-587\" alt=\"\" srcset=\"https:\/\/jdsfibers.com\/wp-content\/uploads\/2025\/11\/C2367B92-AADD-4C98-9519-E16747C6DEFB-576x1024.jpg 576w, https:\/\/jdsfibers.com\/wp-content\/uploads\/2025\/11\/C2367B92-AADD-4C98-9519-E16747C6DEFB-169x300.jpg 169w, https:\/\/jdsfibers.com\/wp-content\/uploads\/2025\/11\/C2367B92-AADD-4C98-9519-E16747C6DEFB-7x12.jpg 7w, https:\/\/jdsfibers.com\/wp-content\/uploads\/2025\/11\/C2367B92-AADD-4C98-9519-E16747C6DEFB.jpg 750w\" sizes=\"(max-width: 576px) 100vw, 576px\" \/>\t\t\t\t\t\t\t\t\t\t\t\t\t\t\t<\/div>\n\t\t\t\t<\/div>\n\t\t\t\t<\/div>\n\t\t\t\t\t<\/div>\n\t\t\t\t<\/div>\n\t\t\t\t<\/div>\n\t\t","protected":false},"excerpt":{"rendered":"<p>Construye tu futuro mientras conectamos el de otros En JDS Fibers creemos que nuestro mayor activo no son los cables ni la tecnolog\u00eda: es la gente que hace posible cada conexi\u00f3n. Nuestro equipo est\u00e1 formado por personas comprometidas, con esp\u00edritu de aprendizaje y pasi\u00f3n por construir el futuro digital. Lo que significa trabajar con nosotro [&hellip;]<\/p>\n","protected":false},"author":1,"featured_media":0,"parent":0,"menu_order":0,"comment_status":"closed","ping_status":"closed","template":"elementor_header_footer","meta":{"footnotes":""},"class_list":["post-281","page","type-page","status-publish","hentry"],"_links":{"self":[{"href":"https:\/\/jdsfibers.com\/es\/wp-json\/wp\/v2\/pages\/281","targetHints":{"allow":["GET"]}}],"collection":[{"href":"https:\/\/jdsfibers.com\/es\/wp-json\/wp\/v2\/pages"}],"about":[{"href":"https:\/\/jdsfibers.com\/es\/wp-json\/wp\/v2\/types\/page"}],"author":[{"embeddable":true,"href":"https:\/\/jdsfibers.com\/es\/wp-json\/wp\/v2\/users\/1"}],"replies":[{"embeddable":true,"href":"https:\/\/jdsfibers.com\/es\/wp-json\/wp\/v2\/comments?post=281"}],"version-history":[{"count":59,"href":"https:\/\/jdsfibers.com\/es\/wp-json\/wp\/v2\/pages\/281\/revisions"}],"predecessor-version":[{"id":624,"href":"https:\/\/jdsfibers.com\/es\/wp-json\/wp\/v2\/pages\/281\/revisions\/624"}],"wp:attachment":[{"href":"https:\/\/jdsfibers.com\/es\/wp-json\/wp\/v2\/media?parent=281"}],"curies":[{"name":"wp","href":"https:\/\/api.w.org\/{rel}","templated":true}]}}