{"id":696,"date":"2025-11-23T02:36:03","date_gmt":"2025-11-23T02:36:03","guid":{"rendered":"https:\/\/jdsfibers.com\/?page_id=696"},"modified":"2025-11-23T02:44:56","modified_gmt":"2025-11-23T02:44:56","slug":"razon-social","status":"publish","type":"page","link":"https:\/\/jdsfibers.com\/es\/razon-social\/","title":{"rendered":"Raz\u00f3n Social"},"content":{"rendered":"\t\t<div data-elementor-type=\"wp-page\" data-elementor-id=\"696\" class=\"elementor elementor-696\" data-elementor-post-type=\"page\">\n\t\t\t\t<div class=\"elementor-element elementor-element-3abc5f7 e-flex e-con-boxed e-con e-parent\" data-id=\"3abc5f7\" data-element_type=\"container\" data-settings=\"{&quot;background_background&quot;:&quot;slideshow&quot;,&quot;background_slideshow_gallery&quot;:[{&quot;id&quot;:470,&quot;url&quot;:&quot;https:\\\/\\\/jdsfibers.com\\\/wp-content\\\/uploads\\\/2025\\\/10\\\/slider-jds-fiber07.jpg&quot;},{&quot;id&quot;:701,&quot;url&quot;:&quot;https:\\\/\\\/jdsfibers.com\\\/wp-content\\\/uploads\\\/2025\\\/11\\\/IMG_2019.jpeg&quot;}],&quot;background_slideshow_loop&quot;:&quot;yes&quot;,&quot;background_slideshow_slide_duration&quot;:5000,&quot;background_slideshow_slide_transition&quot;:&quot;fade&quot;,&quot;background_slideshow_transition_duration&quot;:500}\">\n\t\t\t\t\t<div class=\"e-con-inner\">\n\t\t<div class=\"elementor-element elementor-element-7fea688 e-con-full e-flex e-con e-child\" data-id=\"7fea688\" data-element_type=\"container\">\n\t\t\t\t<div class=\"elementor-element elementor-element-da984d3 elementor-invisible elementor-widget elementor-widget-heading\" data-id=\"da984d3\" data-element_type=\"widget\" data-settings=\"{&quot;_animation&quot;:&quot;fadeInUp&quot;}\" data-widget_type=\"heading.default\">\n\t\t\t\t<div class=\"elementor-widget-container\">\n\t\t\t\t\t<h1 class=\"elementor-heading-title elementor-size-default\">Raz\u00f3n Social\n<\/h1>\t\t\t\t<\/div>\n\t\t\t\t<\/div>\n\t\t\t\t<div class=\"elementor-element elementor-element-f2e16ea elementor-invisible elementor-widget elementor-widget-heading\" data-id=\"f2e16ea\" data-element_type=\"widget\" data-settings=\"{&quot;_animation&quot;:&quot;fadeInUp&quot;,&quot;_animation_delay&quot;:200}\" data-widget_type=\"heading.default\">\n\t\t\t\t<div class=\"elementor-widget-container\">\n\t\t\t\t\t<h4 class=\"elementor-heading-title elementor-size-default\">Compromiso con la seguridad\n<\/h4>\t\t\t\t<\/div>\n\t\t\t\t<\/div>\n\t\t\t\t<\/div>\n\t\t\t\t\t<\/div>\n\t\t\t\t<\/div>\n\t\t<div class=\"elementor-element elementor-element-a5bdb37 e-con-full e-flex e-con e-parent\" data-id=\"a5bdb37\" data-element_type=\"container\">\n\t\t<div class=\"elementor-element elementor-element-c154111 e-con-full e-flex elementor-invisible e-con e-child\" data-id=\"c154111\" data-element_type=\"container\" data-settings=\"{&quot;animation&quot;:&quot;fadeIn&quot;,&quot;animation_delay&quot;:200}\">\n\t\t\t\t<div class=\"elementor-element elementor-element-1cc80ef elementor-widget elementor-widget-text-editor\" data-id=\"1cc80ef\" data-element_type=\"widget\" data-widget_type=\"text-editor.default\">\n\t\t\t\t<div class=\"elementor-widget-container\">\n\t\t\t\t\t\t\t\t\t<p>En <strong>JDS Fibers<\/strong> creemos que nuestro trabajo no solo consiste en desplegar redes de fibra \u00f3ptica, sino tambi\u00e9n en dejar un impacto positivo en el entorno. Cada proyecto es una oportunidad para mejorar la comunidad, mantener la limpieza y promover un ambiente m\u00e1s seguro y pr\u00f3spero.<\/p><p>\ud83c\udf31<strong> Respeto por el entorno<\/strong><br \/>Aplicamos m\u00e9todos de instalaci\u00f3n que reducen la alteraci\u00f3n del suelo y el paisaje urbano. Tras cada obra, nos aseguramos de restaurar y limpiar las \u00e1reas intervenidas, devolviendo los espacios en \u00f3ptimas condiciones.<\/p><p>\ud83d\udc77\u200d\u2642\ufe0f <strong>Compromiso con las comunidades<\/strong><br \/>Generamos empleo local y trabajamos de la mano con autoridades y vecinos para que cada proyecto sea un beneficio compartido. Nuestro equipo mantiene siempre un enfoque de seguridad, orden y responsabilidad social.<\/p><p>\u267b\ufe0f<strong> Limpieza y sostenibilidad<\/strong><br \/>Nos esforzamos por mantener un entorno libre de residuos, gestionando adecuadamente materiales, escombros y desechos generados durante las instalaciones. Promovemos un estilo de trabajo responsable y sostenible con el medio ambiente.<\/p><p>\ud83d\udcf6<strong> Conectividad inclusiva<\/strong><br \/>La fibra \u00f3ptica que desplegamos no solo lleva internet de alta velocidad: tambi\u00e9n abre la puerta a nuevas oportunidades en educaci\u00f3n, negocios y comunicaci\u00f3n, conectando comunidades con el futuro.<\/p><p>\u2728 En<strong> JDS Fibers<\/strong> nuestra verdadera raz\u00f3n social es crear conexiones que transforman vidas, mientras protegemos el lugar donde todos vivimos.<\/p>\t\t\t\t\t\t\t\t<\/div>\n\t\t\t\t<\/div>\n\t\t\t\t<\/div>\n\t\t<div class=\"elementor-element elementor-element-a34c91c e-con-full e-flex elementor-invisible e-con e-child\" data-id=\"a34c91c\" data-element_type=\"container\" data-settings=\"{&quot;animation&quot;:&quot;fadeIn&quot;,&quot;animation_delay&quot;:300}\">\n\t\t<div class=\"elementor-element elementor-element-c554847 e-con-full e-flex e-con e-child\" data-id=\"c554847\" data-element_type=\"container\" data-settings=\"{&quot;background_background&quot;:&quot;classic&quot;}\">\n\t\t\t\t<div class=\"elementor-element elementor-element-3f3eccb elementor-widget elementor-widget-heading\" data-id=\"3f3eccb\" data-element_type=\"widget\" data-widget_type=\"heading.default\">\n\t\t\t\t<div class=\"elementor-widget-container\">\n\t\t\t\t\t<h3 class=\"elementor-heading-title elementor-size-default\">Obt\u00e9n un presupuesto<\/h3>\t\t\t\t<\/div>\n\t\t\t\t<\/div>\n\t\t\t\t<div class=\"elementor-element elementor-element-0b2af0f elementor-tablet-button-align-start elementor-button-align-stretch elementor-widget elementor-widget-form\" data-id=\"0b2af0f\" data-element_type=\"widget\" data-settings=\"{&quot;step_next_label&quot;:&quot;Next&quot;,&quot;step_previous_label&quot;:&quot;Previous&quot;,&quot;button_width&quot;:&quot;100&quot;,&quot;step_type&quot;:&quot;number_text&quot;,&quot;step_icon_shape&quot;:&quot;circle&quot;}\" data-widget_type=\"form.default\">\n\t\t\t\t<div class=\"elementor-widget-container\">\n\t\t\t\t\t\t\t<form class=\"elementor-form\" method=\"post\" name=\"New Form\">\n\t\t\t<input type=\"hidden\" name=\"post_id\" value=\"696\"\/>\n\t\t\t<input type=\"hidden\" name=\"form_id\" value=\"0b2af0f\"\/>\n\t\t\t<input type=\"hidden\" name=\"referer_title\" value=\"Raz\u00f3n Social\" \/>\n\n\t\t\t\t\t\t\t<input type=\"hidden\" name=\"queried_id\" value=\"696\"\/>\n\t\t\t\n\t\t\t<div class=\"elementor-form-fields-wrapper elementor-labels-above\">\n\t\t\t\t\t\t\t\t<div class=\"elementor-field-type-text elementor-field-group elementor-column elementor-field-group-name elementor-col-100 elementor-md-50\">\n\t\t\t\t\t\t\t\t\t\t\t\t<label for=\"form-field-name\" class=\"elementor-field-label\">\n\t\t\t\t\t\t\t\tNombre\t\t\t\t\t\t\t<\/label>\n\t\t\t\t\t\t\t\t\t\t\t\t\t\t<input size=\"1\" type=\"text\" name=\"form_fields[name]\" id=\"form-field-name\" class=\"elementor-field elementor-size-sm  elementor-field-textual\" placeholder=\"nombre\">\n\t\t\t\t\t\t\t\t\t\t\t<\/div>\n\t\t\t\t\t\t\t\t<div class=\"elementor-field-type-email elementor-field-group elementor-column elementor-field-group-email elementor-col-100 elementor-md-50 elementor-field-required\">\n\t\t\t\t\t\t\t\t\t\t\t\t<label for=\"form-field-email\" class=\"elementor-field-label\">\n\t\t\t\t\t\t\t\tEmail\t\t\t\t\t\t\t<\/label>\n\t\t\t\t\t\t\t\t\t\t\t\t\t\t<input size=\"1\" type=\"email\" name=\"form_fields[email]\" id=\"form-field-email\" class=\"elementor-field elementor-size-sm  elementor-field-textual\" placeholder=\"Email\" required=\"required\">\n\t\t\t\t\t\t\t\t\t\t\t<\/div>\n\t\t\t\t\t\t\t\t<div class=\"elementor-field-type-textarea elementor-field-group elementor-column elementor-field-group-message elementor-col-100\">\n\t\t\t\t\t\t\t\t\t\t\t\t<label for=\"form-field-message\" class=\"elementor-field-label\">\n\t\t\t\t\t\t\t\tMensaje\t\t\t\t\t\t\t<\/label>\n\t\t\t\t\t\t<textarea class=\"elementor-field-textual elementor-field  elementor-size-sm\" name=\"form_fields[message]\" id=\"form-field-message\" rows=\"4\" placeholder=\"Mensaje\"><\/textarea>\t\t\t\t<\/div>\n\t\t\t\t\t\t\t\t<div class=\"elementor-field-group elementor-column elementor-field-type-submit elementor-col-100 e-form__buttons\">\n\t\t\t\t\t<button class=\"elementor-button elementor-size-sm\" type=\"submit\">\n\t\t\t\t\t\t<span class=\"elementor-button-content-wrapper\">\n\t\t\t\t\t\t\t\t\t\t\t\t\t\t\t\t\t\t\t\t\t\t<span class=\"elementor-button-text\">Presupuesto<\/span>\n\t\t\t\t\t\t\t\t\t\t\t\t\t<\/span>\n\t\t\t\t\t<\/button>\n\t\t\t\t<\/div>\n\t\t\t<\/div>\n\t\t<\/form>\n\t\t\t\t\t\t<\/div>\n\t\t\t\t<\/div>\n\t\t\t\t<\/div>\n\t\t\t\t<\/div>\n\t\t\t\t<\/div>\n\t\t\t\t<\/div>\n\t\t","protected":false},"excerpt":{"rendered":"<p>Raz\u00f3n Social Compromiso con la seguridad En JDS Fibers creemos que nuestro trabajo no solo consiste en desplegar redes de fibra \u00f3ptica, sino tambi\u00e9n en dejar un impacto positivo en el entorno. Cada proyecto es una oportunidad para mejorar la comunidad, mantener la limpieza y promover un ambiente m\u00e1s seguro y pr\u00f3spero. \ud83c\udf31 Respeto por [&hellip;]<\/p>\n","protected":false},"author":2,"featured_media":0,"parent":0,"menu_order":0,"comment_status":"closed","ping_status":"closed","template":"elementor_header_footer","meta":{"footnotes":""},"class_list":["post-696","page","type-page","status-publish","hentry"],"_links":{"self":[{"href":"https:\/\/jdsfibers.com\/es\/wp-json\/wp\/v2\/pages\/696","targetHints":{"allow":["GET"]}}],"collection":[{"href":"https:\/\/jdsfibers.com\/es\/wp-json\/wp\/v2\/pages"}],"about":[{"href":"https:\/\/jdsfibers.com\/es\/wp-json\/wp\/v2\/types\/page"}],"author":[{"embeddable":true,"href":"https:\/\/jdsfibers.com\/es\/wp-json\/wp\/v2\/users\/2"}],"replies":[{"embeddable":true,"href":"https:\/\/jdsfibers.com\/es\/wp-json\/wp\/v2\/comments?post=696"}],"version-history":[{"count":7,"href":"https:\/\/jdsfibers.com\/es\/wp-json\/wp\/v2\/pages\/696\/revisions"}],"predecessor-version":[{"id":704,"href":"https:\/\/jdsfibers.com\/es\/wp-json\/wp\/v2\/pages\/696\/revisions\/704"}],"wp:attachment":[{"href":"https:\/\/jdsfibers.com\/es\/wp-json\/wp\/v2\/media?parent=696"}],"curies":[{"name":"wp","href":"https:\/\/api.w.org\/{rel}","templated":true}]}}